{"id":51,"date":"2017-10-23T14:02:53","date_gmt":"2017-10-23T12:02:53","guid":{"rendered":"http:\/\/bbzuzgen.ch\/wordpress\/?page_id=51"},"modified":"2025-11-24T20:50:05","modified_gmt":"2025-11-24T19:50:05","slug":"administration","status":"publish","type":"page","link":"https:\/\/bbzuzgen.ch\/wordpress\/administration\/","title":{"rendered":"Administration"},"content":{"rendered":"<h2>Vorstand<\/h2>\n<table  class=\" table table-hover\" style=\"height: 134px; width: 504px;\">\n<tbody>\n<tr>\n<td style=\"width: 172px;\"><strong>Pr\u00e4sidentin<\/strong><\/td>\n<td style=\"width: 332px;\">Michaela Sacher<\/td>\n<\/tr>\n<tr>\n<td style=\"width: 172px;\"><strong>Aktuar<\/strong><\/td>\n<td style=\"width: 332px;\">Mevion Oertli<\/td>\n<\/tr>\n<tr>\n<td style=\"width: 172px;\"><strong>Finanzen<\/strong><\/td>\n<td style=\"width: 332px;\">Mario H\u00fcrbin<\/td>\n<\/tr>\n<tr>\n<td style=\"width: 172px;\"><\/td>\n<td style=\"width: 332px;\"><\/td>\n<\/tr>\n<\/tbody>\n<\/table>\n<h2>Musikkommission<\/h2>\n<table  class=\" table table-hover\" style=\"height: 116px; width: 518px;\">\n<tbody>\n<tr>\n<td style=\"width: 169px;\"><strong>Pr\u00e4sident<\/strong><\/td>\n<td style=\"width: 335px;\">Fabio Sacher<\/td>\n<\/tr>\n<tr>\n<td style=\"width: 169px;\"><strong>Dirigent<\/strong><\/td>\n<td style=\"width: 335px;\">Valentin Sacher<\/td>\n<\/tr>\n<tr>\n<td style=\"width: 169px;\"><strong>Mitglieder<\/strong><\/td>\n<td style=\"width: 335px;\">Mike Labhardt<\/td>\n<\/tr>\n<tr>\n<td style=\"width: 169px;\"><\/td>\n<td style=\"width: 335px;\"><\/td>\n<\/tr>\n<\/tbody>\n<\/table>\n","protected":false},"excerpt":{"rendered":"<p>Vorstand Pr\u00e4sidentin Michaela Sacher Aktuar Mevion Oertli Finanzen Mario H\u00fcrbin Musikkommission Pr\u00e4sident Fabio Sacher Dirigent Valentin Sacher Mitglieder Mike Labhardt<\/p>\n","protected":false},"author":1,"featured_media":0,"parent":0,"menu_order":0,"comment_status":"closed","ping_status":"closed","template":"","meta":{"footnotes":""},"class_list":["post-51","page","type-page","status-publish","hentry"],"_links":{"self":[{"href":"https:\/\/bbzuzgen.ch\/wordpress\/wp-json\/wp\/v2\/pages\/51","targetHints":{"allow":["GET"]}}],"collection":[{"href":"https:\/\/bbzuzgen.ch\/wordpress\/wp-json\/wp\/v2\/pages"}],"about":[{"href":"https:\/\/bbzuzgen.ch\/wordpress\/wp-json\/wp\/v2\/types\/page"}],"author":[{"embeddable":true,"href":"https:\/\/bbzuzgen.ch\/wordpress\/wp-json\/wp\/v2\/users\/1"}],"replies":[{"embeddable":true,"href":"https:\/\/bbzuzgen.ch\/wordpress\/wp-json\/wp\/v2\/comments?post=51"}],"version-history":[{"count":6,"href":"https:\/\/bbzuzgen.ch\/wordpress\/wp-json\/wp\/v2\/pages\/51\/revisions"}],"predecessor-version":[{"id":462,"href":"https:\/\/bbzuzgen.ch\/wordpress\/wp-json\/wp\/v2\/pages\/51\/revisions\/462"}],"wp:attachment":[{"href":"https:\/\/bbzuzgen.ch\/wordpress\/wp-json\/wp\/v2\/media?parent=51"}],"curies":[{"name":"wp","href":"https:\/\/api.w.org\/{rel}","templated":true}]}}