{"id":48,"date":"2017-10-23T14:02:31","date_gmt":"2017-10-23T12:02:31","guid":{"rendered":"http:\/\/bbzuzgen.ch\/wordpress\/?page_id=48"},"modified":"2025-10-20T23:10:36","modified_gmt":"2025-10-20T21:10:36","slug":"dirigent","status":"publish","type":"page","link":"https:\/\/bbzuzgen.ch\/wordpress\/dirigent\/","title":{"rendered":"Dirigent"},"content":{"rendered":"<h2>Valentin Sacher<\/h2>\n<p><img loading=\"lazy\" decoding=\"async\" class=\"wp-image-289  alignleft\" src=\"https:\/\/bbzuzgen.ch\/wordpress\/wp-content\/uploads\/2022\/09\/valentin_sacher.i171-279x300.jpg\" alt=\"\" width=\"279\" height=\"300\" srcset=\"https:\/\/bbzuzgen.ch\/wordpress\/wp-content\/uploads\/2022\/09\/valentin_sacher.i171-279x300.jpg 279w, https:\/\/bbzuzgen.ch\/wordpress\/wp-content\/uploads\/2022\/09\/valentin_sacher.i171.jpg 624w\" sizes=\"auto, (max-width: 279px) 100vw, 279px\" \/><\/p>\n\n\n<p>Valentin Sacher (*1981) absolvierte nach der Matura in Muttenz (2000) und der Milit\u00e4rmusik-Rekrutenschule (2001) ein Studium in Klassischer Perkussion an der Hochschule f\u00fcr Musik Basel, das er 2005 mit Lehrdiplom abschloss. Es folgte ein Praktikum beim Sinfonieorchester Basel, wo er sp\u00e4ter als st\u00e4ndiger Zuz\u00fcger t\u00e4tig war.<\/p>\n\n\n\n<p>Seit 2005 leitet er die Musikschule Zeiningen und seit 2009 die Musikschule Unteres Fricktal (www.mu-uf.ch) und schloss dazu ein MAS in Music Management mit Musikschulleiterdiplom 2008 ab. Er ist seit 2007 Mitglied des Verbands Aargauer Musikschulen (www.vam-ag.ch) und seit 2009 deren Pr\u00e4sident.<\/p>\n\n\n\n<p>Als Musiker engagierte er sich in zahlreichen Formationen der Brass-Szene, u.a. in der Nationalen Jugend Brass Band, der Brass Band B\u00fcrgermusik Luzern und der Swiss Army Brass Band. Er ist Mitgr\u00fcnder der Jugendband Wegenstettertal (www.jugendband.ch) und deren Jungformationen, des damaligen Jugendblasorchesters Fricktal, der Bieranjas (www.bieranjas.ch) sowie des Kulturanlasses klangheimli.ch (www.klangheimli.ch).<\/p>\n\n\n\n<p>Bereits mit 17 Jahren \u00fcbernahm Valentin Sacher die Rolle des Vizedirigenten der Brass Band Zuzgen. Es folgten kurzzeitige Dirigate beim Musikverein Eptingen und der Musikgesellschaft Gipf-Oberfrick. Von 2003 bis 2011 leitete er die Musikgesellschaft Wegenstetten und von 2005 bis 2017 die Jugendband Wegenstettertal. Seit 2021 dirigiert er die Brass Band Zuzgen, seinen Stammverein, in dem auch mehrere Familienmitglieder aktiv sind.<\/p>","protected":false},"excerpt":{"rendered":"<p>Valentin Sacher Valentin Sacher (*1981) absolvierte nach der Matura in Muttenz (2000) und der Milit\u00e4rmusik-Rekrutenschule (2001) ein Studium in Klassischer Perkussion an der Hochschule f\u00fcr Musik Basel, das er 2005 mit Lehrdiplom abschloss. Es folgte ein Praktikum beim Sinfonieorchester Basel, wo er sp\u00e4ter als st\u00e4ndiger Zuz\u00fcger t\u00e4tig war. Seit 2005 leitet er die Musikschule Zeiningen [&hellip;]<\/p>\n","protected":false},"author":1,"featured_media":0,"parent":0,"menu_order":0,"comment_status":"closed","ping_status":"closed","template":"","meta":{"footnotes":""},"class_list":["post-48","page","type-page","status-publish","hentry"],"_links":{"self":[{"href":"https:\/\/bbzuzgen.ch\/wordpress\/wp-json\/wp\/v2\/pages\/48","targetHints":{"allow":["GET"]}}],"collection":[{"href":"https:\/\/bbzuzgen.ch\/wordpress\/wp-json\/wp\/v2\/pages"}],"about":[{"href":"https:\/\/bbzuzgen.ch\/wordpress\/wp-json\/wp\/v2\/types\/page"}],"author":[{"embeddable":true,"href":"https:\/\/bbzuzgen.ch\/wordpress\/wp-json\/wp\/v2\/users\/1"}],"replies":[{"embeddable":true,"href":"https:\/\/bbzuzgen.ch\/wordpress\/wp-json\/wp\/v2\/comments?post=48"}],"version-history":[{"count":8,"href":"https:\/\/bbzuzgen.ch\/wordpress\/wp-json\/wp\/v2\/pages\/48\/revisions"}],"predecessor-version":[{"id":460,"href":"https:\/\/bbzuzgen.ch\/wordpress\/wp-json\/wp\/v2\/pages\/48\/revisions\/460"}],"wp:attachment":[{"href":"https:\/\/bbzuzgen.ch\/wordpress\/wp-json\/wp\/v2\/media?parent=48"}],"curies":[{"name":"wp","href":"https:\/\/api.w.org\/{rel}","templated":true}]}}